{"id":1032,"date":"2017-09-02T09:03:42","date_gmt":"2017-09-02T09:03:42","guid":{"rendered":"http:\/\/www.ndh.ufms.br\/?page_id=1032"},"modified":"2025-11-04T09:36:43","modified_gmt":"2025-11-04T13:36:43","slug":"helio-veiga-2010","status":"publish","type":"page","link":"https:\/\/ndh-cptl.ufms.br\/?page_id=1032","title":{"rendered":"Helio Veiga (2010)"},"content":{"rendered":"<p style=\"text-align: justify;\">As fotos abaixo s\u00e3o de autoria do fot\u00f3grafo profissional H\u00e9lio Veiga recolhidas em 2010 junto a ind\u00edgenas Ofai\u00e9 e Kaiow\u00e1 que vivem na Aldeia Anodi, no munic\u00edpio de Brasil\u00e2ndia-MS.<\/p>\n<div id='gallery-1' class='gallery galleryid-1032 gallery-columns-3 gallery-size-thumbnail'><dl class='gallery-item'>\n\t\t\t<dt class='gallery-icon landscape'>\n\t\t\t\t<a href='https:\/\/ndh-cptl.ufms.br\/?attachment_id=1035'><img loading=\"lazy\" decoding=\"async\" width=\"150\" height=\"150\" src=\"https:\/\/ndh-cptl.ufms.br\/wp-content\/uploads\/2017\/09\/OFAIE_FOTO_25-150x150.jpg\" class=\"attachment-thumbnail size-thumbnail\" alt=\"\" aria-describedby=\"gallery-1-1035\" \/><\/a>\n\t\t\t<\/dt>\n\t\t\t\t<dd class='wp-caption-text gallery-caption' id='gallery-1-1035'>\n\t\t\t\tTet\u00ea Guarani na Aldeia Anodi Ofai\u00e9 (2010)\n\t\t\t\t<\/dd><\/dl><dl class='gallery-item'>\n\t\t\t<dt class='gallery-icon landscape'>\n\t\t\t\t<a href='https:\/\/ndh-cptl.ufms.br\/?attachment_id=1036'><img loading=\"lazy\" decoding=\"async\" width=\"150\" height=\"150\" src=\"https:\/\/ndh-cptl.ufms.br\/wp-content\/uploads\/2017\/09\/OFAIE_FOTO_27-150x150.jpg\" class=\"attachment-thumbnail size-thumbnail\" alt=\"\" aria-describedby=\"gallery-1-1036\" \/><\/a>\n\t\t\t<\/dt>\n\t\t\t\t<dd class='wp-caption-text gallery-caption' id='gallery-1-1036'>\n\t\t\t\tMenina Kaiow\u00e1 na aldeia Anodi Ofai\u00e9 (2010)\n\t\t\t\t<\/dd><\/dl><dl class='gallery-item'>\n\t\t\t<dt class='gallery-icon landscape'>\n\t\t\t\t<a href='https:\/\/ndh-cptl.ufms.br\/?attachment_id=1037'><img loading=\"lazy\" decoding=\"async\" width=\"150\" height=\"150\" src=\"https:\/\/ndh-cptl.ufms.br\/wp-content\/uploads\/2017\/09\/OFAIE_FOTO_28-150x150.jpg\" class=\"attachment-thumbnail size-thumbnail\" alt=\"\" aria-describedby=\"gallery-1-1037\" \/><\/a>\n\t\t\t<\/dt>\n\t\t\t\t<dd class='wp-caption-text gallery-caption' id='gallery-1-1037'>\n\t\t\t\tVagner Kaiov\u00e1 na Aldeia Anodi Ofai\u00e9 (2010)\n\t\t\t\t<\/dd><\/dl><br style=\"clear: both\" \/><dl class='gallery-item'>\n\t\t\t<dt class='gallery-icon landscape'>\n\t\t\t\t<a href='https:\/\/ndh-cptl.ufms.br\/?attachment_id=1038'><img loading=\"lazy\" decoding=\"async\" width=\"150\" height=\"150\" src=\"https:\/\/ndh-cptl.ufms.br\/wp-content\/uploads\/2017\/09\/OFAIE_FOTO_29-150x150.jpg\" class=\"attachment-thumbnail size-thumbnail\" alt=\"\" aria-describedby=\"gallery-1-1038\" \/><\/a>\n\t\t\t<\/dt>\n\t\t\t\t<dd class='wp-caption-text gallery-caption' id='gallery-1-1038'>\n\t\t\t\tMenina Kaiow\u00e1 na Aldeia Anodi Ofai\u00e9 (2010)\n\t\t\t\t<\/dd><\/dl><dl class='gallery-item'>\n\t\t\t<dt class='gallery-icon landscape'>\n\t\t\t\t<a href='https:\/\/ndh-cptl.ufms.br\/?attachment_id=1039'><img loading=\"lazy\" decoding=\"async\" width=\"150\" height=\"150\" src=\"https:\/\/ndh-cptl.ufms.br\/wp-content\/uploads\/2017\/09\/OFAIE_FOTO_30-150x150.jpg\" class=\"attachment-thumbnail size-thumbnail\" alt=\"\" aria-describedby=\"gallery-1-1039\" \/><\/a>\n\t\t\t<\/dt>\n\t\t\t\t<dd class='wp-caption-text gallery-caption' id='gallery-1-1039'>\n\t\t\t\tRoni Eliandes Kaiow\u00e1 na Aldeia Anodi Ofai\u00e9 (2010)\n\t\t\t\t<\/dd><\/dl><dl class='gallery-item'>\n\t\t\t<dt class='gallery-icon landscape'>\n\t\t\t\t<a href='https:\/\/ndh-cptl.ufms.br\/?attachment_id=1040'><img loading=\"lazy\" decoding=\"async\" width=\"150\" height=\"150\" src=\"https:\/\/ndh-cptl.ufms.br\/wp-content\/uploads\/2017\/09\/OFAIE_FOTO_31-150x150.jpg\" class=\"attachment-thumbnail size-thumbnail\" alt=\"\" aria-describedby=\"gallery-1-1040\" \/><\/a>\n\t\t\t<\/dt>\n\t\t\t\t<dd class='wp-caption-text gallery-caption' id='gallery-1-1040'>\n\t\t\t\tEmilly Ofai\u00e9 na Aldeia Anodi Ofai\u00e9 (2010)\n\t\t\t\t<\/dd><\/dl><br style=\"clear: both\" \/><dl class='gallery-item'>\n\t\t\t<dt class='gallery-icon landscape'>\n\t\t\t\t<a href='https:\/\/ndh-cptl.ufms.br\/?attachment_id=1041'><img loading=\"lazy\" decoding=\"async\" width=\"150\" height=\"150\" src=\"https:\/\/ndh-cptl.ufms.br\/wp-content\/uploads\/2017\/09\/OFAIE_FOTO_26-150x150.jpg\" class=\"attachment-thumbnail size-thumbnail\" alt=\"\" aria-describedby=\"gallery-1-1041\" \/><\/a>\n\t\t\t<\/dt>\n\t\t\t\t<dd class='wp-caption-text gallery-caption' id='gallery-1-1041'>\n\t\t\t\tValdinei Ofai\u00e9 na Aldeia Anodi Ofai\u00e9 (2010)\n\t\t\t\t<\/dd><\/dl>\n\t\t\t<br style='clear: both' \/>\n\t\t<\/div>\n\n","protected":false},"excerpt":{"rendered":"<p>As fotos abaixo s\u00e3o de autoria do fot\u00f3grafo profissional H\u00e9lio Veiga recolhidas em 2010 junto a ind\u00edgenas Ofai\u00e9 e Kaiow\u00e1 que vivem na Aldeia Anodi, no munic\u00edpio de Brasil\u00e2ndia-MS.<\/p>\n","protected":false},"author":1,"featured_media":0,"parent":952,"menu_order":0,"comment_status":"closed","ping_status":"closed","template":"","meta":{"footnotes":""},"class_list":["post-1032","page","type-page","status-publish","hentry"],"_links":{"self":[{"href":"https:\/\/ndh-cptl.ufms.br\/index.php?rest_route=\/wp\/v2\/pages\/1032","targetHints":{"allow":["GET"]}}],"collection":[{"href":"https:\/\/ndh-cptl.ufms.br\/index.php?rest_route=\/wp\/v2\/pages"}],"about":[{"href":"https:\/\/ndh-cptl.ufms.br\/index.php?rest_route=\/wp\/v2\/types\/page"}],"author":[{"embeddable":true,"href":"https:\/\/ndh-cptl.ufms.br\/index.php?rest_route=\/wp\/v2\/users\/1"}],"replies":[{"embeddable":true,"href":"https:\/\/ndh-cptl.ufms.br\/index.php?rest_route=%2Fwp%2Fv2%2Fcomments&post=1032"}],"version-history":[{"count":3,"href":"https:\/\/ndh-cptl.ufms.br\/index.php?rest_route=\/wp\/v2\/pages\/1032\/revisions"}],"predecessor-version":[{"id":1311,"href":"https:\/\/ndh-cptl.ufms.br\/index.php?rest_route=\/wp\/v2\/pages\/1032\/revisions\/1311"}],"up":[{"embeddable":true,"href":"https:\/\/ndh-cptl.ufms.br\/index.php?rest_route=\/wp\/v2\/pages\/952"}],"wp:attachment":[{"href":"https:\/\/ndh-cptl.ufms.br\/index.php?rest_route=%2Fwp%2Fv2%2Fmedia&parent=1032"}],"curies":[{"name":"wp","href":"https:\/\/api.w.org\/{rel}","templated":true}]}}