{"id":1051,"date":"2017-09-02T10:02:56","date_gmt":"2017-09-02T10:02:56","guid":{"rendered":"http:\/\/www.ndh.ufms.br\/?page_id=1051"},"modified":"2025-11-04T09:37:26","modified_gmt":"2025-11-04T13:37:26","slug":"galeria-de-mapas","status":"publish","type":"page","link":"https:\/\/ndh-cptl.ufms.br\/?page_id=1051","title":{"rendered":"Galeria de Mapas"},"content":{"rendered":"\n<p><\/p>\n\n\n\n<figure class=\"wp-block-gallery has-nested-images columns-default is-cropped wp-block-gallery-1 is-layout-flex wp-block-gallery-is-layout-flex\">\n<figure class=\"wp-block-image size-large\"><a href=\"https:\/\/ndh-cptl.ufms.br\/wp-content\/uploads\/2017\/09\/MAPA_OFAIE_01.jpg\"><img loading=\"lazy\" decoding=\"async\" width=\"383\" height=\"364\" data-id=\"1054\" src=\"https:\/\/ndh-cptl.ufms.br\/wp-content\/uploads\/2017\/09\/MAPA_OFAIE_01.jpg\" alt=\"\" class=\"wp-image-1054\" srcset=\"https:\/\/ndh-cptl.ufms.br\/wp-content\/uploads\/2017\/09\/MAPA_OFAIE_01.jpg 383w, https:\/\/ndh-cptl.ufms.br\/wp-content\/uploads\/2017\/09\/MAPA_OFAIE_01-300x285.jpg 300w\" sizes=\"auto, (max-width: 383px) 100vw, 383px\" \/><\/a><figcaption class=\"wp-element-caption\">Aldeamentos Ofai\u00e9. Fonte: DUTRA, Carlos Alberto dos Santos. O territ\u00f3rio Ofai\u00e9 pelos caminhos da hist\u00f3ria. Reencontro e trajet\u00f3ria de um povo. Dourados-MS: UFMS, Campus de Dourados, 2004 (Disserta\u00e7\u00e3o de Mestrado), p. 29.<\/figcaption><\/figure>\n\n\n\n<figure class=\"wp-block-image size-large\"><a href=\"https:\/\/ndh-cptl.ufms.br\/wp-content\/uploads\/2017\/09\/MAPA_OFAIE_021.jpg\"><img loading=\"lazy\" decoding=\"async\" width=\"640\" height=\"517\" data-id=\"1056\" src=\"https:\/\/ndh-cptl.ufms.br\/wp-content\/uploads\/2017\/09\/MAPA_OFAIE_021.jpg\" alt=\"\" class=\"wp-image-1056\" srcset=\"https:\/\/ndh-cptl.ufms.br\/wp-content\/uploads\/2017\/09\/MAPA_OFAIE_021.jpg 640w, https:\/\/ndh-cptl.ufms.br\/wp-content\/uploads\/2017\/09\/MAPA_OFAIE_021-300x242.jpg 300w\" sizes=\"auto, (max-width: 640px) 100vw, 640px\" \/><\/a><figcaption class=\"wp-element-caption\">Aldeamentos Ofai\u00e9 nas fazendas do Vacaria. Fonte: DUTRA, Carlos Alberto dos Santos. O territ\u00f3rio Ofai\u00e9 pelos caminhos da hist\u00f3ria Reencontro e trajet\u00f3ria de um povo. Dourados-MS: UFMS, Campus de Dourados, 2004 (Disserta\u00e7\u00e3o de Mestrado), p. 193.<\/figcaption><\/figure>\n\n\n\n<figure class=\"wp-block-image size-large\"><a href=\"https:\/\/ndh-cptl.ufms.br\/wp-content\/uploads\/2017\/09\/MAPA_OFAIE_03.jpg\"><img loading=\"lazy\" decoding=\"async\" width=\"339\" height=\"480\" data-id=\"1057\" src=\"https:\/\/ndh-cptl.ufms.br\/wp-content\/uploads\/2017\/09\/MAPA_OFAIE_03.jpg\" alt=\"\" class=\"wp-image-1057\" srcset=\"https:\/\/ndh-cptl.ufms.br\/wp-content\/uploads\/2017\/09\/MAPA_OFAIE_03.jpg 339w, https:\/\/ndh-cptl.ufms.br\/wp-content\/uploads\/2017\/09\/MAPA_OFAIE_03-211x300.jpg 211w\" sizes=\"auto, (max-width: 339px) 100vw, 339px\" \/><\/a><figcaption class=\"wp-element-caption\">Croqui do Curt Nimuendaju. Fonte: NIMUENDAJ\u00da. Curt. Relat\u00f3rio do Curt Relativo aos Chavantes do Matto Grosso\/1913. Croqui do Extremo Sul de Mato Grosso em escala aproximada de 1:200.000. 1913. Microfilme 397, Museu do \u00cdndio &#8211; FUNAI, Setor de Documenta\u00e7\u00e3o &#8211; Documento Manuscrito.<\/figcaption><\/figure>\n\n\n\n<figure class=\"wp-block-image size-large\"><a href=\"https:\/\/ndh-cptl.ufms.br\/wp-content\/uploads\/2017\/09\/MAPA_OFAIE_04.jpg\"><img loading=\"lazy\" decoding=\"async\" width=\"640\" height=\"480\" data-id=\"1058\" src=\"https:\/\/ndh-cptl.ufms.br\/wp-content\/uploads\/2017\/09\/MAPA_OFAIE_04.jpg\" alt=\"\" class=\"wp-image-1058\" srcset=\"https:\/\/ndh-cptl.ufms.br\/wp-content\/uploads\/2017\/09\/MAPA_OFAIE_04.jpg 640w, https:\/\/ndh-cptl.ufms.br\/wp-content\/uploads\/2017\/09\/MAPA_OFAIE_04-300x225.jpg 300w\" sizes=\"auto, (max-width: 640px) 100vw, 640px\" \/><\/a><figcaption class=\"wp-element-caption\">Aroeira dos Ofai\u00e9. Fonte: FACHOLLI &amp; DOERZBACHER, 1991. In Dutra, Carlos Alberto dos Santos. O territ\u00f3rio Ofai\u00e9 pelos caminhos da hist\u00f3ria. Reencontro e trajet\u00f3ria de um povo. Dourados-MS: UFMS, Campus de Dourados, 2004 (Disserta\u00e7\u00e3o de Mestrado), p. 185.<\/figcaption><\/figure>\n\n\n\n<figure class=\"wp-block-image size-large\"><a href=\"https:\/\/ndh-cptl.ufms.br\/wp-content\/uploads\/2017\/09\/MAPA_OFAIE_05.jpg\"><img loading=\"lazy\" decoding=\"async\" width=\"316\" height=\"480\" data-id=\"1059\" src=\"https:\/\/ndh-cptl.ufms.br\/wp-content\/uploads\/2017\/09\/MAPA_OFAIE_05.jpg\" alt=\"\" class=\"wp-image-1059\" srcset=\"https:\/\/ndh-cptl.ufms.br\/wp-content\/uploads\/2017\/09\/MAPA_OFAIE_05.jpg 316w, https:\/\/ndh-cptl.ufms.br\/wp-content\/uploads\/2017\/09\/MAPA_OFAIE_05-197x300.jpg 197w\" sizes=\"auto, (max-width: 316px) 100vw, 316px\" \/><\/a><figcaption class=\"wp-element-caption\">Mapa Etnogr\u00e1fico do Brasil. Fonte: PERET, Jo\u00e3o Am\u00e9rico. Mapa Etnogr\u00e1fico do Brasil. \u00cdndios do Passado. In Popula\u00e7\u00f5es Ind\u00edgenas do Brasil. Rio de Janeiro: Civiliza\u00e7\u00e3o Bras\u00edlia, Bras\u00edlia: FUNAI, 1975.<\/figcaption><\/figure>\n\n\n\n<figure class=\"wp-block-image size-large\"><a href=\"https:\/\/ndh-cptl.ufms.br\/wp-content\/uploads\/2017\/09\/MAPA_OFAIE_06.jpg\"><img loading=\"lazy\" decoding=\"async\" width=\"640\" height=\"507\" data-id=\"1060\" src=\"https:\/\/ndh-cptl.ufms.br\/wp-content\/uploads\/2017\/09\/MAPA_OFAIE_06.jpg\" alt=\"\" class=\"wp-image-1060\" srcset=\"https:\/\/ndh-cptl.ufms.br\/wp-content\/uploads\/2017\/09\/MAPA_OFAIE_06.jpg 640w, https:\/\/ndh-cptl.ufms.br\/wp-content\/uploads\/2017\/09\/MAPA_OFAIE_06-300x237.jpg 300w\" sizes=\"auto, (max-width: 640px) 100vw, 640px\" \/><\/a><figcaption class=\"wp-element-caption\">Aldeamentos Ofai\u00e9 no vale do Ivinhema. Fonte: DUTRA, Carlos Alberto dos Santos. O territ\u00f3rio territ\u00f3rio Ofai\u00e9 pelos caminhos da hist\u00f3ria. (no prelo, 2011).<\/figcaption><\/figure>\n\n\n\n<figure class=\"wp-block-image size-large\"><a href=\"https:\/\/ndh-cptl.ufms.br\/wp-content\/uploads\/2017\/09\/MAPA_OFAIE_07.jpg\"><img loading=\"lazy\" decoding=\"async\" width=\"792\" height=\"1024\" data-id=\"1061\" src=\"https:\/\/ndh-cptl.ufms.br\/wp-content\/uploads\/2017\/09\/MAPA_OFAIE_07-792x1024.jpg\" alt=\"\" class=\"wp-image-1061\" srcset=\"https:\/\/ndh-cptl.ufms.br\/wp-content\/uploads\/2017\/09\/MAPA_OFAIE_07-792x1024.jpg 792w, https:\/\/ndh-cptl.ufms.br\/wp-content\/uploads\/2017\/09\/MAPA_OFAIE_07-232x300.jpg 232w, https:\/\/ndh-cptl.ufms.br\/wp-content\/uploads\/2017\/09\/MAPA_OFAIE_07.jpg 942w\" sizes=\"auto, (max-width: 792px) 100vw, 792px\" \/><\/a><figcaption class=\"wp-element-caption\">Patrim\u00f4nio dos Ofai\u00e9 no Samambaia. Fonte: TERRASUL, 1988. In DUTRA, Carlos Alberto dos Santos. O territ\u00f3rio Ofai\u00e9 pelos caminhos da hist\u00f3ria Reencontro e trajet\u00f3ria de um povo. Dourados-MS: UFMS, Campus de Dourados, 2004 (Disserta\u00e7\u00e3o de Mestrado), p. 96.<\/figcaption><\/figure>\n<\/figure>\n","protected":false},"excerpt":{"rendered":"","protected":false},"author":1,"featured_media":0,"parent":746,"menu_order":0,"comment_status":"closed","ping_status":"closed","template":"","meta":{"footnotes":""},"class_list":["post-1051","page","type-page","status-publish","hentry"],"_links":{"self":[{"href":"https:\/\/ndh-cptl.ufms.br\/index.php?rest_route=\/wp\/v2\/pages\/1051","targetHints":{"allow":["GET"]}}],"collection":[{"href":"https:\/\/ndh-cptl.ufms.br\/index.php?rest_route=\/wp\/v2\/pages"}],"about":[{"href":"https:\/\/ndh-cptl.ufms.br\/index.php?rest_route=\/wp\/v2\/types\/page"}],"author":[{"embeddable":true,"href":"https:\/\/ndh-cptl.ufms.br\/index.php?rest_route=\/wp\/v2\/users\/1"}],"replies":[{"embeddable":true,"href":"https:\/\/ndh-cptl.ufms.br\/index.php?rest_route=%2Fwp%2Fv2%2Fcomments&post=1051"}],"version-history":[{"count":4,"href":"https:\/\/ndh-cptl.ufms.br\/index.php?rest_route=\/wp\/v2\/pages\/1051\/revisions"}],"predecessor-version":[{"id":1544,"href":"https:\/\/ndh-cptl.ufms.br\/index.php?rest_route=\/wp\/v2\/pages\/1051\/revisions\/1544"}],"up":[{"embeddable":true,"href":"https:\/\/ndh-cptl.ufms.br\/index.php?rest_route=\/wp\/v2\/pages\/746"}],"wp:attachment":[{"href":"https:\/\/ndh-cptl.ufms.br\/index.php?rest_route=%2Fwp%2Fv2%2Fmedia&parent=1051"}],"curies":[{"name":"wp","href":"https:\/\/api.w.org\/{rel}","templated":true}]}}