{"id":109,"date":"2014-07-11T23:57:40","date_gmt":"2014-07-11T23:57:40","guid":{"rendered":"http:\/\/www.ndh.ufms.br\/?page_id=109"},"modified":"2023-10-16T21:55:51","modified_gmt":"2023-10-17T01:55:51","slug":"pesquisas-ndh","status":"publish","type":"page","link":"https:\/\/ndh-cptl.ufms.br\/?page_id=109","title":{"rendered":"Pesquisas NDH"},"content":{"rendered":"\n<p class=\"has-text-align-center\">Veja as pesquisas realizadas no acervo do NDH.<\/p>\n\n\n\n<p class=\"has-text-align-center\">Caso conhe\u00e7a alguma pesquisa que tenha utilizado fontes do NDH e que n\u00e3o conste aqui, envie a refer\u00eancia para o e-mail: ndh.cptl@ufms.br<\/p>\n\n\n\n<p class=\"has-text-align-center\">PESQUISAS REALIZADAS NO ACERVO DO NDH<\/p>\n\n\n\n<p class=\"has-text-align-center\">(atualizado em 19\/09\/2022)<\/p>\n\n\n\n<p>Obs.: Use as setas direcionais do teclado para ampliar os quadros \u00e0 direita e para baixo.<\/p>\n\n\n\n<figure class=\"wp-block-table\"><table><tbody><tr><td>AUTOR<\/td><td>T\u00cdTULO<\/td><td>INSTITUI\u00c7\u00c3O<\/td><td>ANO<\/td><td>TIPO<\/td><\/tr><tr><td>Altamir Pompeu Delfino Junior<\/td><td>Cataloga\u00e7\u00e3o dos processos trabalhistas da 24\u00aa TRT, Vara de Ponta Por\u00e3<\/td><td>UFMS<\/td><td>2013<\/td><td>&nbsp;&nbsp; Monografia &#8211; gradua\u00e7\u00e3o<\/td><\/tr><tr><td>Ananda Soares Rosa<\/td><td>A forma\u00e7\u00e3o urbana de Tr\u00eas Lagoas (MS): o ide\u00e1rio de uma \u201ccidade portal\u201de os conflitos da terra<\/td><td>UNESP\/Bauru<\/td><td>2020<\/td><td>Disserta\u00e7\u00e3o &#8211; Mestrado<\/td><\/tr><tr><td>Andrey Minin Martin<\/td><td>Produzir energia, (pro)mover o progresso: o complexo hidrel\u00e9trico Urubupung\u00e1 e os caminhos do setor energ\u00e9tico<\/td><td>UNESP\/Assis<\/td><td>2016<\/td><td>Tese &#8211; doutorado<\/td><\/tr><tr><td>Andrey Minin Martin<\/td><td>Pr\u00e1ticas, experi\u00eancias e os (des) caminhos da luta pela terra em Tr\u00eas Lagoas-M<\/td><td>UEM<\/td><td>2010<\/td><td>Disserta\u00e7\u00e3o &#8211; mestrado<\/td><\/tr><tr><td>Andrey M. Martin, Maria C. Borges e Rosemeire A. Almeida (Orgs.)<\/td><td>Pr\u00e1ticas de ensino e de pesquisa em Hist\u00f3ria e Geografia.&nbsp;Campo Grande: Editora da UFMS<\/td><td>UFMS<\/td><td>2008<\/td><td>Colet\u00e2nea<\/td><\/tr><tr><td>Andrey Minin Martin<\/td><td>Pr\u00e1ticas e representa\u00e7\u00f5es s\u00f3cio-culturais no Assentamento Pontal do Faia: hist\u00f3ria, mem\u00f3ria e cultura em Tr\u00eas Lagoas \u2013 MS<\/td><td>UFMS<\/td><td>2007<\/td><td>Monografia &#8211; gradua\u00e7\u00e3o<\/td><\/tr><tr><td>Bruna Barros Fernandes<\/td><td>Movimentos sociais em rede \u2013 o IAJES e a constru\u00e7\u00e3o de novos sujeitos entre o Brasil e a Nicar\u00e1gua<\/td><td>UFMS<\/td><td>2012<\/td><td>Monografia &#8211; gradua\u00e7\u00e3o<\/td><\/tr><tr><td>Cintia Lima Cresc\u00eancio e Mariana Esteves de Oliveira\n<p>&nbsp;<\/p>\n<p>&nbsp;<\/p>\n<\/td><td>\u201cConstituinte pra valer tem que ter palavra de mulher\u201d: Movimento de Mulheres do IAJES, Movimento Regional de Mulheres e a luta por democracia no Brasil.&nbsp;<em>Revista Anos 90<\/em>. Volume 26, 2019, p.1-20.<\/td><td>&nbsp;UFMS<\/td><td>2019<\/td><td>Artigo<\/td><\/tr><tr><td>Cintia Lima Cresc\u00eancio<\/td><td>&#8216;Mam\u00e3e me protege mas n\u00e3o exagera&#8217;: humor, rela\u00e7\u00f5es de g\u00eanero e masculinidade na coluna The SuperM\u00e3e da revista Claudia (1970-1985). In: IV Jornadas do LEGH, 2020, Florian\u00f3polis. Anais eletr\u00f4nicos \/ 4. Jornadas do LEGH. Florian\u00f3polis: LEGH\/UFSC, 2019. v. 1. p. 170-182<\/td><td>MS<\/td><td>2019<\/td><td>Artigo<\/td><\/tr><tr><td>Eduardo Matheus de Souza Dianna, Guilherme Ferreira Taroni<\/td><td>O di\u00e1rio de um expedicion\u00e1rio brasileiro na Segunda Guerra Mundial: fontes para pesquisa<\/td><td>UFMS<\/td><td>2018<\/td><td>Relat\u00f3rio de pesquisa &#8211; PIBIC<\/td><\/tr><tr><td>Eduardo Jos\u00e9 Paxeco<\/td><td>Uma an\u00e1lise dos mecanismos que levaram a instala\u00e7\u00e3o do golpe de 1964 e suas influ\u00eancias no contexto das obras hidrel\u00e9tricas no munic\u00edpio de Tr\u00eas Lagoas<\/td><td>UFMS<\/td><td>2008<\/td><td>Monografia &#8211; gradua\u00e7\u00e3o<\/td><\/tr><tr><td>Fabiane Vieira Filgueiras<\/td><td>Linha F\u00e9rrea: um olhar al\u00e9m dos trilhos no processo de urbaniza\u00e7\u00e3o em Tr\u00eas Lagoas\/MS<\/td><td>UFMS<\/td><td>2009<\/td><td>Monografia &#8211; gradua\u00e7\u00e3o<\/td><\/tr><tr><td>Fabiano Coelho<\/td><td>Pr\u00e1ticas e Representa\u00e7\u00f5es do Movimento dos Trabalhadores Rurais Sem Terra: a m\u00edstica e a luta pela terra no acampamento Madre Cristina no Alto Paran\u00e1Programa de P\u00f3s-Gradua\u00e7\u00e3o em Hist\u00f3ria<\/td><td>UFGD<\/td><td>&nbsp;<\/td><td>Disserta\u00e7\u00e3o &#8211; mestrado<\/td><\/tr><tr><td>Fabiano Coelho<\/td><td>Pr\u00e1ticas e Representa\u00e7\u00f5es do Movimento dos Trabalhadores Rurais Sem Terra: a m\u00edstica e a luta pela terra no acampamento Madre Cristina no Alto Paran\u00e1<\/td><td>UFMS<\/td><td>2007<\/td><td>Monografia &#8211; gradua\u00e7\u00e3o<\/td><\/tr><tr><td>Giuseppe Boer Marino<\/td><td>Hist\u00f3ria e mem\u00f3ria da Diocese de Tr\u00eas Lagoas.<\/td><td>UFMS<\/td><td>2022<\/td><td>Relat\u00f3rio de pesquisa PIBIC<\/td><\/tr><tr><td>H\u00e9lio Carlos Alexandre<\/td><td>Os posseiros da fazenda primavera: um olhar hist\u00f3rico para as suas formas de resist\u00eancia na luta pela terra em Andradina \u2013 SP<\/td><td>UFMS<\/td><td>2011<\/td><td>Monografia &#8211; gradua\u00e7\u00e3o<\/td><\/tr><tr><td>Igor Fernando Tim<\/td><td>Imprensa local: o jornal O Barrageiro como \u00f3rg\u00e3o de imprensa dirigida aos trabalhadores da constru\u00e7\u00e3o das usinas de Jupi\u00e1 e Illha Solteira (1963-1973)<\/td><td>UFMS<\/td><td>2008<\/td><td>Monografia &#8211; gradua\u00e7\u00e3o<\/td><\/tr><tr><td>Jo\u00e3o Batista Lazarini<\/td><td>Da coloniza\u00e7\u00e3o do Alto Paran\u00e1 ao imagin\u00e1rio popular sobre o rei do gado: concep\u00e7\u00f5es de terra, trabalho e poder em Andradina-SP<\/td><td>UFMS<\/td><td>2008<\/td><td>Monografia &#8211; gradua\u00e7\u00e3o<\/td><\/tr><tr><td>Josenias Leandro de Almeida Silva<\/td><td>Fontes para a hist\u00f3ria e mem\u00f3ria regional \u2013 organiza\u00e7\u00e3o do acervo da Diocese de Tr\u00eas Lagoas-MS<\/td><td>UFMS<\/td><td>2021<\/td><td>Relat\u00f3rio de pesquisa &#8211; PIBIC<\/td><\/tr><tr><td>Josenias Leandro de Almeida Silva<\/td><td>Biblioteca do Instituto Administrativo Jesus Bom Pastor: teoria e pr\u00e1tica dos movimentos sociais ligados \u00e0 Teologia da Liberta\u00e7\u00e3o<\/td><td>UFMS<\/td><td>2020<\/td><td>Relat\u00f3rio de pesquisa PIBIC<\/td><\/tr><tr><td>Josiane Sim\u00e3o da Silva<\/td><td>Os trabalhadores da manuten\u00e7\u00e3o da estrada de ferro Noroeste do Brasil em Tr\u00eas Lagoas (1920-1950)<\/td><td>UFMS<\/td><td>2010<\/td><td>Monografia &#8211; gradua\u00e7\u00e3o<\/td><\/tr><tr><td>Josiane Sim\u00e3o da Silva e Vitor Wagner Neto de Oliveira<\/td><td>Os trabalhadores da manuten\u00e7\u00e3o da estrada de ferro Noroeste do Brasil em Tr\u00eas Lagoas (1920-1950)<\/td><td>UFMS<\/td><td>2010<\/td><td>Relat\u00f3rio de pesquisa PIBIC<\/td><\/tr><tr><td>Kathiusy Gomes da Silva<\/td><td>Viol\u00eancia contra mulheres em Andradina-SP: um olhar sobre a hist\u00f3ria e o cen\u00e1rio de ocorr\u00eancias ap\u00f3s a lei Maria da Penha. Pesquisa de PIVIC. Orientadora Dra. Mariana Esteves de Oliveira.<\/td><td>UFMS<\/td><td>Em andamento<\/td><td>Relat\u00f3rio de pesquisa PIVIC<\/td><\/tr><tr><td>Lucas Cardoso Moreira<\/td><td>Resist\u00eancia ind\u00edgena: fontes para a hist\u00f3ria Ofay\u00e9<\/td><td>UFMS<\/td><td>2017<\/td><td>Relat\u00f3rio de pesquisa PIBIC<\/td><\/tr><tr><td>Marcelo Fernandes Brentan<\/td><td>Do outro lado do altar: padres casados e milit\u00e2ncia cat\u00f3lica<\/td><td>UFSCAR<\/td><td>2017<\/td><td>Disserta\u00e7\u00e3o &#8211; mestrado<\/td><\/tr><tr><td>Marcelo Fernandes Brentan<\/td><td>O IAJES e a milit\u00e2ncia cat\u00f3lica sob a ditadura militar(1970 &#8211; 1985), na regi\u00e3o do alto Paran\u00e1.<\/td><td>UFMS<\/td><td>2010<\/td><td>Monografia &#8211; gradua\u00e7\u00e3o<\/td><\/tr><tr><td>Marciana Santiago de Oliveira<\/td><td>&nbsp;Boletim das migra\u00e7\u00f5es vai vem: narrativas sobre incompletudes da travessia (1981-1997).<\/td><td>UFGD<\/td><td>2015<\/td><td>Disserta\u00e7\u00e3o &#8211; mestrado<\/td><\/tr><tr><td>Marciana Santiago de Oliveira<\/td><td>Boletim das migra\u00e7\u00f5es vai vem &#8211; d\u00e9cada de 1980: um olhar sobre as narrativas epistolares<\/td><td>UFMS<\/td><td>2013<\/td><td>Monografia &#8211; gradua\u00e7\u00e3o<\/td><\/tr><tr><td>Marcos Sanches da Costa<\/td><td>Teologia da Liberta\u00e7\u00e3o: um debate entre pol\u00edtica e religi\u00e3o no Brasil da d\u00e9cada de 1980<\/td><td>UFMS<\/td><td>2014<\/td><td>Monografia &#8211; gradua\u00e7\u00e3o<\/td><\/tr><tr><td>Marcos Sanches da Costa<\/td><td>O povo, a religi\u00e3o e a pol\u00edtica: experi\u00eancias pastorais e participa\u00e7\u00e3o popular em bairros de Andradina\/SP (1976-1988)<\/td><td>UFGD<\/td><td>2017<\/td><td>Disserta\u00e7\u00e3o &#8211; mestrado<\/td><\/tr><tr><td>Marcos Sanches da Costa e Vitor Wagner Neto de Oliveira<\/td><td>Arquivologia e Hist\u00f3ria: um di\u00e1logo poss\u00edvel<\/td><td>UFMS<\/td><td>2012<\/td><td>Relat\u00f3rio de pesquisa PIBIC<\/td><\/tr><tr><td>Maria Celma Borges, Mariana Esteves de Oliveira e Vitor Wagner Neto de Oliveira (Org.)<\/td><td>Hist\u00f3ria e mem\u00f3ria de Arapu\u00e1<\/td><td>UFMS<\/td><td>2019<\/td><td>Cartilha<\/td><\/tr><tr><td>Maria Celma Borges<\/td><td>Terra de Trabalho e os Sem-Terra da Fazenda Primavera-SP: Contribui\u00e7\u00f5es do IAJES e da CPT. In:&nbsp;X Encontro de Hist\u00f3ria de Mato Grosso do Sul; Simp\u00f3sio Internacional de Hist\u00f3ria; XIII Semana de Hist\u00f3ria da UFMS\/CPTL: As muitas (in)depend\u00eancias da Am\u00e9rica Latina: dois s\u00e9culos de Historia. Tr\u00eas Lagoas-MS<\/td><td>UFMS<\/td><td>2010<\/td><td>Anais de evento<\/td><\/tr><tr><td>Maria Celma Borges<\/td><td>O debate sobre os assentamentos em Mato Grosso do Sul. Um olhar a partir do Pontal do Paranapanema-SP. In:&nbsp;XVIII Encontro Sul-Mato-Grossense de Ge\u00f3grafos: Novas Id\u00e9ias e Perspectivas em Geografia. Tr\u00eas Lagoas-MS<\/td><td>UFMS<\/td><td>2010<\/td><td>Anais de evento<\/td><\/tr><tr><td>Maria C. Borges e Valter T. M. Carmo<\/td><td>Iajes: um olhar para a sua hist\u00f3ria e para os posseiros da fazenda primavera. In:&nbsp;O trabalho com as fontes no ensino e na pesquisa em Hist\u00f3ria.&nbsp;Campo Grande: Ed. UFMS<\/td><td>UFMS<\/td><td>2009<\/td><td>Cap\u00edtulo de livro<\/td><\/tr><tr><td>Maria Celma Borges<\/td><td>Cultura e Poder na constru\u00e7\u00e3o dos saberes dos sem-terra em Andradina-SP: contribui\u00e7\u00f5es do IAJES como agente mediador. In:&nbsp;IV Simp\u00f3sio Internacional de Hist\u00f3ria -Cultura e Identidades. Goi\u00e2nia-GO, UFG<\/td><td>UFMS<\/td><td>2009<\/td><td>Anais de evento<\/td><\/tr><tr><td>Maria C. Borges e Mieceslau Kudlavicz<\/td><td>Hist\u00f3ria e vida da CPT no Mato Grosso do Sul: contribui\u00e7\u00e3o na luta pela terra e para nela permanecer. In: ALMEIDA, Rosemeire Ap. (Org.)&nbsp;A quest\u00e3o agr\u00e1ria no Mato Grosso do Sul:&nbsp;uma vis\u00e3o multidisciplinar. Campo Grande: Editora da UFMS<\/td><td>UFMS<\/td><td>2008<\/td><td>Cap\u00edtulo de livro<\/td><\/tr><tr><td>Maria C. Borges, Raquel S. Lopes<\/td><td>A luta pela terra e para nela permanecer: considera\u00e7\u00f5es sobre a quest\u00e3o agr\u00e1ria em Mato Grosso do Sul. In:&nbsp;Anais do IX Encontro Regional da Anpuh\/MS.&nbsp;Corumb\u00e1-MS &#8211; CD-R. ISBN: 978-85-7613-172-4<\/td><td>UFMS<\/td><td>2008<\/td><td>Anais de evento<\/td><\/tr><tr><td>Maria C. Borges, Vitor W. N. de Oliveira (Orgs.)<\/td><td>Cultura, Trabalho e Mem\u00f3ria: faces da pesquisa em Mato Grosso do Sul.Campo Grande : Editora da UFMS<\/td><td>UFMS<\/td><td>2006<\/td><td>Colet\u00e2nea<\/td><\/tr><tr><td>Mariana Esteves de Oliveira; Bruna Carolina de Oliveira Cardoso<\/td><td>Do tempo de lona \u00e0 conquista da escola: um projeto de inicia\u00e7\u00e3o cient\u00edfica na Educa\u00e7\u00e3o do Campo.&nbsp;<em>Anais do AGROECOL<\/em><\/td><td>UFGD<\/td><td>2016<\/td><td>Anais de evento<\/td><\/tr><tr><td>Mariana Esteves de Oliveira<\/td><td>Movimentos Sociais de Mulheres: mem\u00f3rias, redes e imagens.&nbsp;<em>Revista Hist\u00f3ria: Debates E Tend\u00eancias<\/em>, 21(2), 44 \u2013 66, 2021.<\/td><td>UFMS<\/td><td>2021<\/td><td>Artigo<\/td><\/tr><tr><td>Mariana Esteves de Oliveira<\/td><td>\u201cO que as mulheres querem ver na Constitui\u00e7\u00e3o\u201d: participa\u00e7\u00e3o e experi\u00eancia pol\u00edtica do Movimento Regional de Mulheres de Andradina-SP na constituinte (1984-1988).<\/td><td>UFMS\/PROPP<\/td><td>2018-2021<\/td><td>Projeto de pesquisa<\/td><\/tr><tr><td>Mariana Esteves de Oliveira<\/td><td>Concep\u00e7\u00f5es e experi\u00eancias da educa\u00e7\u00e3o popular no instituto administrativo jesus bom pastor \u2013 IAJES. Revista Eletr\u00f4nica Hist\u00f3ria em Reflex\u00e3o (UFGD), v. 7, p. 1-20, 2013. (B-3)<\/td><td>UFGD<\/td><td>2013<\/td><td>Artigo<\/td><\/tr><tr><td>Mariana Esteves de Oliveira<\/td><td>O grito aben\u00e7oado da periferia: trajet\u00f3rias e contradi\u00e7\u00f5es do IAJES e dos movimentos populares na Andradina dos anos 1980<\/td><td>UEM<\/td><td>2006<\/td><td>Disserta\u00e7\u00e3o &#8211; mestrado<\/td><\/tr><tr><td>Marta Caroline Pereira Lima, Larissa Mascaro Gomes da Silva Castro<\/td><td>O movimento de mulheres na fronteira leste de MS e oeste de SP e as conquistas de direitos trabalhistas no per\u00edodo de 1987 A 2019. Anais do Integra UFMS 2020, Campo Grande. Dispon\u00edvel em&nbsp;<a href=\"https:\/\/integra.ufms.br\/files\/2021\/01\/Anais_2020_Final.pdf\" data-saferedirecturl=\"https:\/\/www.google.com\/url?q=https:\/\/integra.ufms.br\/files\/2021\/01\/Anais_2020_Final.pdf&amp;source=gmail&amp;ust=1663695273759000&amp;usg=AOvVaw0Xadu8lzHOa1ZmVe4c_HhH\">https:\/\/integra.ufms.br\/files\/2021\/01\/Anais_2020_Final.pdf<\/a><\/td><td>UFMS<\/td><td>2020<\/td><td>Artigo &#8211; Anais<\/td><\/tr><tr><td>Micke Douglas Felix Alves<\/td><td>Hist\u00f3ria e mem\u00f3ria regional &#8211; Descri\u00e7\u00e3o de fontes do acervo da Diocese de Tr\u00eas Lagoas.<\/td><td>UFMS<\/td><td>2021<\/td><td>Relat\u00f3rio de pesquisa &#8211; PIBIC<\/td><\/tr><tr><td>Nadir Domingues Mendon\u00e7a<\/td><td><em>A (des)constru\u00e7\u00e3o das (des)ordens: Poder e viol\u00eancia em Tr\u00eas Lagoas \u2013 MT (1915-1945)<\/em>. OLIVEIRA, V. W. N. de (Org.). Campo Grande: Editora UFMS, 2021.<\/td><td>UFMS<\/td><td>2021<\/td><td>Livro<\/td><\/tr><tr><td>Nubia Sotini Santos<\/td><td>Os oper\u00e1rios da noroeste do brasil em Tr\u00eas Lagoas: ascens\u00e3o social pautada na escolaridade e ra\u00e7a (1930 \u2013 1940). Pesquisa de PIBIC, bolsa UFMS. Orientadora Dra. Mariana Esteves de Oliveira.<\/td><td>UFMS<\/td><td>2019<\/td><td>Relat\u00f3rio de pesquisa PIBIC<\/td><\/tr><tr><td>Nubia Sotini Santos<\/td><td>Oper\u00e1rios itinerantes: algumas considera\u00e7\u00f5es sobre as fichas funcionais da Noroeste do Brasil.&nbsp;<em>Revista Trilhas da Hist\u00f3ria<\/em>. V8, N\u00ba 16, 2019, 232-243.Dispon\u00edvel em http:\/\/www.trilhasdahistoria. ufms.br\/index.php\/RevTH\/article\/view\/8015<\/td><td>UFMS<\/td><td>2019<\/td><td>Artigo<\/td><\/tr><tr><td>Rafael Pereira da Silva<\/td><td>Movimentos sociais e Teologia da Liberta\u00e7\u00e3o: um estudo das CEB\u2019s em Tr\u00eas Lagoas \u2013 1980<\/td><td>UFMS<\/td><td>2011<\/td><td>Monografia &#8211; gradua\u00e7\u00e3o<\/td><\/tr><tr><td>Raquel dos Santos Lopes<\/td><td>Estudo da quest\u00e3o agr\u00e1ria no Mato Grosso do Sul: an\u00e1lise de algumas posi\u00e7\u00f5es te\u00f3rico-metodol\u00f3gicas<\/td><td>UFMS<\/td><td>2008<\/td><td>Monografia &#8211; gradua\u00e7\u00e3o<\/td><\/tr><tr><td>Raquel dos Santos Lopes<\/td><td>Da enchente de 1983 ao Reassentamento: hist\u00f3ria e mem\u00f3ria dos ribeirinhos de Ilha Cumprida na regi\u00e3o do Alto-Paran\u00e1<\/td><td>UFMS<\/td><td>2009<\/td><td>Monografia &#8211; gradua\u00e7\u00e3o<\/td><\/tr><tr><td>Thamires Carla Lopes dos Santos<\/td><td>Mem\u00f3rias de guerra de um mato-grossense \u2013 an\u00e1lise do acervo documental do expedicion\u00e1rio Rebu\u00e1 na Segunda Guerra<\/td><td>UFMS<\/td><td>2022<\/td><td>Relat\u00f3rio de pesquisa &#8211; PIBIC<\/td><\/tr><tr><td>Thatiane Ferreira de Assis<\/td><td>O movimento de mulheres no dia seguinte: pautas, lutas e mem\u00f3rias das mulheres organizadas do IAJES depois da carta aos constituintes (1988-1995). Relat\u00f3rio de PIBIC, 22 p\u00e1ginas, UFMS, 2021.<\/td><td>UFMS<\/td><td>2021<\/td><td>Relat\u00f3rio de pesquisa PIBIC<\/td><\/tr><tr><td>Thatiane Ferreira de Assis<\/td><td>O movimento de mulheres de Andradina e a carta aos constituintes: uma perspectiva hist\u00f3rica e processual da constru\u00e7\u00e3o dos direitos femininos (1985-1987). Pesquisa de PIBIC, bolsa CNPq. Orientadora Dra. Mariana Esteves de Oliveira.<\/td><td>UFMS<\/td><td>2020<\/td><td>Relat\u00f3rio de pesquisa PIBIC<\/td><\/tr><tr><td>Thatiane Ferreira de Assis<\/td><td>O movimento de mulheres de Andradina e a carta aos constituintes: uma perspectiva hist\u00f3rica e processual da constru\u00e7\u00e3o dos direitos femininos (1985-1987). Anais do Integra UFMS 2020, Campo Grande. Dispon\u00edvel em&nbsp;<a href=\"https:\/\/integra.ufms.br\/files\/2021\/01\/Anais_2020_Final.pdf\" data-saferedirecturl=\"https:\/\/www.google.com\/url?q=https:\/\/integra.ufms.br\/files\/2021\/01\/Anais_2020_Final.pdf&amp;source=gmail&amp;ust=1663695273759000&amp;usg=AOvVaw0Xadu8lzHOa1ZmVe4c_HhH\">https:\/\/integra.ufms.br\/files\/2021\/01\/Anais_2020_Final.pdf<\/a><\/td><td>UFMS<\/td><td>2020<\/td><td>Artigo em Anais<\/td><\/tr><tr><td>Thatiane Ferreira de Assis<\/td><td>O movimento de mulheres de Andradina e a carta aos constituintes: uma proposta de abordagem hist\u00f3rica e processual da constru\u00e7\u00e3o dos direitos femininos (1985-1987). Pesquisa de PIBIC, bolsa CNPq. Orientadora Dra. Mariana Esteves de Oliveira. In Simp\u00f3sio Multidisciplinar de Rela\u00e7\u00f5es \u00c9tnicas: Racismo, Educa\u00e7\u00e3o e Sociedade. Apresenta\u00e7\u00e3o e Resumo <a href=\"http:\/\/historiacptl.ufms.br\/wpcontent\/uploads\/2019\/11\/%20CADERNO-FINAL-SIMP%C3%93SIO-2019.pdf\">http:\/\/historiacptl.ufms.br\/wpcontent\/uploads\/2019\/11\/ CADERNO-FINAL-SIMP%C3%93SIO-2019.pdf<\/a>, UFMS, CPTL, 2019.<\/td><td>UFMS<\/td><td>2019<\/td><td>Artigo em Anais<\/td><\/tr><tr><td>Tiago Alinor Hoissa Benfica<\/td><td>Hist\u00f3ria e universidade: a institucionaliza\u00e7\u00e3o do campo hist\u00f3rico na Universidade Estadual de Mato Grosso\/Universidade Federal de Mato Grosso do Sul (1968-1990)<\/td><td>UFGD<\/td><td>2016<\/td><td>Tese \u2013 doutorado<\/td><\/tr><tr><td>V\u00e2nia dos Santos Pontin<\/td><td>Luta pela\/na terra: as novas representa\u00e7\u00f5es pol\u00edticas como forma de resist\u00eancia<\/td><td>UFMS<\/td><td>2009<\/td><td>Monografia &#8211; gradua\u00e7\u00e3o<\/td><\/tr><\/tbody><\/table><\/figure>\n","protected":false},"excerpt":{"rendered":"<p>Veja as pesquisas realizadas no acervo do NDH. Caso conhe\u00e7a alguma pesquisa que tenha utilizado fontes do NDH e que n\u00e3o conste aqui, envie a refer\u00eancia para o e-mail: ndh.cptl@ufms.br PESQUISAS REALIZADAS NO ACERVO DO NDH (atualizado em 19\/09\/2022) Obs.: &hellip; <a href=\"https:\/\/ndh-cptl.ufms.br\/?page_id=109\">Continue lendo <span class=\"meta-nav\">&rarr;<\/span><\/a><\/p>\n","protected":false},"author":1,"featured_media":0,"parent":0,"menu_order":10,"comment_status":"closed","ping_status":"open","template":"","meta":{"footnotes":""},"class_list":["post-109","page","type-page","status-publish","hentry"],"_links":{"self":[{"href":"https:\/\/ndh-cptl.ufms.br\/index.php?rest_route=\/wp\/v2\/pages\/109","targetHints":{"allow":["GET"]}}],"collection":[{"href":"https:\/\/ndh-cptl.ufms.br\/index.php?rest_route=\/wp\/v2\/pages"}],"about":[{"href":"https:\/\/ndh-cptl.ufms.br\/index.php?rest_route=\/wp\/v2\/types\/page"}],"author":[{"embeddable":true,"href":"https:\/\/ndh-cptl.ufms.br\/index.php?rest_route=\/wp\/v2\/users\/1"}],"replies":[{"embeddable":true,"href":"https:\/\/ndh-cptl.ufms.br\/index.php?rest_route=%2Fwp%2Fv2%2Fcomments&post=109"}],"version-history":[{"count":20,"href":"https:\/\/ndh-cptl.ufms.br\/index.php?rest_route=\/wp\/v2\/pages\/109\/revisions"}],"predecessor-version":[{"id":1339,"href":"https:\/\/ndh-cptl.ufms.br\/index.php?rest_route=\/wp\/v2\/pages\/109\/revisions\/1339"}],"wp:attachment":[{"href":"https:\/\/ndh-cptl.ufms.br\/index.php?rest_route=%2Fwp%2Fv2%2Fmedia&parent=109"}],"curies":[{"name":"wp","href":"https:\/\/api.w.org\/{rel}","templated":true}]}}