{"id":12,"date":"2014-06-20T11:19:54","date_gmt":"2014-06-20T11:19:54","guid":{"rendered":"http:\/\/www.ndh.ufms.br\/?page_id=12"},"modified":"2024-12-12T14:40:44","modified_gmt":"2024-12-12T18:40:44","slug":"informacoes","status":"publish","type":"page","link":"https:\/\/ndh-cptl.ufms.br\/?page_id=12","title":{"rendered":"Informa\u00e7\u00f5es"},"content":{"rendered":"<p><a title=\"Regulamento do NDH\" href=\"https:\/\/ndh-cptl.ufms.br\/wp-content\/uploads\/2022\/09\/REGULAMENTO_NDH_RESOLUCAO_2022.pdf\" target=\"_blank\" rel=\"noopener\">Regulamento do NDH (2022)<\/a><\/p>\n<p><strong>1. Hor\u00e1rio de funcionamento<br \/>\n<\/strong>Segunda \u00e0 sexta-feira das 13hs as 17hs<\/p>\n<p><strong>2. Recursos dispon\u00edveis para a consulta<br \/>\n<\/strong>Scanner<br \/>\nFotocopiadora<br \/>\nGravador de CD e de DVD<\/p>\n<p><strong>3. Servi\u00e7os<br \/>\n<\/strong>Atendimento \u00e0 consulta em geral<br \/>\nOrienta\u00e7\u00e3o para localiza\u00e7\u00e3o de fontes para pesquisa<br \/>\nAcompanhamento t\u00e9cnico e apoio aos trabalhos desenvolvidos por estagi\u00e1rios ou grupos de alunos, relativos ao acervo<\/p>\n<p><strong>4. Endere\u00e7o<br \/>\n<\/strong>Av. Ranulpho Marques Leal, 3484.<br \/>\nDistrito Industrial. CEP 79610-100<br \/>\nTr\u00eas Lagoas-MS<br \/>\nTelefone: (67) 3509-3774 \/ 3509-3783<\/p>\n<p>E-mail: ndh.cptl@ufms.br<\/p>\n<p>E-mail coordenador: vitor.oliveira@ufms.br<\/p>\n","protected":false},"excerpt":{"rendered":"<p>Regulamento do NDH (2022) 1. Hor\u00e1rio de funcionamento Segunda \u00e0 sexta-feira das 13hs as 17hs 2. Recursos dispon\u00edveis para a consulta Scanner Fotocopiadora Gravador de CD e de DVD 3. Servi\u00e7os Atendimento \u00e0 consulta em geral Orienta\u00e7\u00e3o para localiza\u00e7\u00e3o de &hellip; <a href=\"https:\/\/ndh-cptl.ufms.br\/?page_id=12\">Continue lendo <span class=\"meta-nav\">&rarr;<\/span><\/a><\/p>\n","protected":false},"author":1,"featured_media":0,"parent":0,"menu_order":3,"comment_status":"closed","ping_status":"open","template":"","meta":{"footnotes":""},"class_list":["post-12","page","type-page","status-publish","hentry"],"_links":{"self":[{"href":"https:\/\/ndh-cptl.ufms.br\/index.php?rest_route=\/wp\/v2\/pages\/12","targetHints":{"allow":["GET"]}}],"collection":[{"href":"https:\/\/ndh-cptl.ufms.br\/index.php?rest_route=\/wp\/v2\/pages"}],"about":[{"href":"https:\/\/ndh-cptl.ufms.br\/index.php?rest_route=\/wp\/v2\/types\/page"}],"author":[{"embeddable":true,"href":"https:\/\/ndh-cptl.ufms.br\/index.php?rest_route=\/wp\/v2\/users\/1"}],"replies":[{"embeddable":true,"href":"https:\/\/ndh-cptl.ufms.br\/index.php?rest_route=%2Fwp%2Fv2%2Fcomments&post=12"}],"version-history":[{"count":8,"href":"https:\/\/ndh-cptl.ufms.br\/index.php?rest_route=\/wp\/v2\/pages\/12\/revisions"}],"predecessor-version":[{"id":1486,"href":"https:\/\/ndh-cptl.ufms.br\/index.php?rest_route=\/wp\/v2\/pages\/12\/revisions\/1486"}],"wp:attachment":[{"href":"https:\/\/ndh-cptl.ufms.br\/index.php?rest_route=%2Fwp%2Fv2%2Fmedia&parent=12"}],"curies":[{"name":"wp","href":"https:\/\/api.w.org\/{rel}","templated":true}]}}