{"id":19,"date":"2014-06-20T11:25:32","date_gmt":"2014-06-20T11:25:32","guid":{"rendered":"http:\/\/www.ndh.ufms.br\/?page_id=19"},"modified":"2022-09-15T15:36:48","modified_gmt":"2022-09-15T19:36:48","slug":"curso-de-historia","status":"publish","type":"page","link":"https:\/\/ndh-cptl.ufms.br\/?page_id=19","title":{"rendered":"Links"},"content":{"rendered":"<p><a href=\"http:\/\/www.arquivonacional.gov.br\/\" target=\"_blank\">Arquivo Nacional<\/a><\/p>\n<p><a href=\"http:\/\/www.apmt.mt.gov.br\/\" target=\"_blank\">Arquivo P\u00fablico do Estado de Mato Grosso<\/a><\/p>\n<p><a href=\"http:\/\/www.fundacaodecultura.ms.gov.br\/arquivo-publico-estadual-de-mato-grosso-do-sul-ape\/\" target=\"_blank\">Arquivo P\u00fablico do Estado de Mato Grosso do Sul<\/a><\/p>\n<p><a title=\"ANPUH\" href=\"https:\/\/anpuh.org.br\/\" target=\"_blank\">Associa\u00e7\u00e3o Nacional de Hist\u00f3ria (ANPUH)<\/a><\/p>\n<p><a href=\"http:\/\/baobadocerrado.blogspot.com.br\/\" target=\"_blank\">Baob\u00e1 do Cerrado &#8211; Educa\u00e7\u00e3o etnicorracial, cultura afrobrasileira e Hist\u00f3ria Oral<\/a><\/p>\n<p><a href=\"http:\/\/www.cptl.ufms.br\/\" target=\"_blank\">Campus de Tr\u00eas Lagoas, Universidade Federal de Mato Grosso do Sul<\/a><\/p>\n<p><a href=\"https:\/\/twitter.com\/centrodoc_ufgd\" target=\"_blank\">Centro de Documenta\u00e7\u00e3o Regional &#8211; UFGD<\/a><\/p>\n<p><a href=\"http:\/\/historiacptl.ufms.br\/\" target=\"_blank\">Curso de Hist\u00f3ria UFMS\/CPTL<\/a><\/p>\n<p><a href=\"http:\/\/pethistoriacptl.ufms.br\/\" target=\"_blank\">PET-Hist\u00f3ria Conex\u00f5es de Saberes (UFMS\/CPTL)<\/a><\/p>\n<p><a title=\"Revista do Arquivo\" href=\"http:\/\/www.arquivoestado.sp.gov.br\/revista_do_arquivo\/10\/capa.php\" target=\"_blank\">Revista do Arquivo<\/a> &#8211; Arquivo P\u00fablico do Estado de S\u00e3o Paulo<\/p>\n<p><a href=\"http:\/\/seer.ufms.br\/index.php\/RevTH\" target=\"_blank\">Revista Trilhas da Hist\u00f3ria, Curso de Hist\u00f3ria da UFMS\/CPTL<\/a><\/p>\n<p><a title=\"UFMS\" href=\"http:\/\/www.ufms.br\/\" target=\"_blank\">Universidade Federal de Mato Grosso do Sul<\/a><\/p>\n","protected":false},"excerpt":{"rendered":"<p>Arquivo Nacional Arquivo P\u00fablico do Estado de Mato Grosso Arquivo P\u00fablico do Estado de Mato Grosso do Sul Associa\u00e7\u00e3o Nacional de Hist\u00f3ria (ANPUH) Baob\u00e1 do Cerrado &#8211; Educa\u00e7\u00e3o etnicorracial, cultura afrobrasileira e Hist\u00f3ria Oral Campus de Tr\u00eas Lagoas, Universidade Federal &hellip; <a href=\"https:\/\/ndh-cptl.ufms.br\/?page_id=19\">Continue lendo <span class=\"meta-nav\">&rarr;<\/span><\/a><\/p>\n","protected":false},"author":1,"featured_media":0,"parent":0,"menu_order":11,"comment_status":"closed","ping_status":"open","template":"","meta":{"footnotes":""},"class_list":["post-19","page","type-page","status-publish","hentry"],"_links":{"self":[{"href":"https:\/\/ndh-cptl.ufms.br\/index.php?rest_route=\/wp\/v2\/pages\/19","targetHints":{"allow":["GET"]}}],"collection":[{"href":"https:\/\/ndh-cptl.ufms.br\/index.php?rest_route=\/wp\/v2\/pages"}],"about":[{"href":"https:\/\/ndh-cptl.ufms.br\/index.php?rest_route=\/wp\/v2\/types\/page"}],"author":[{"embeddable":true,"href":"https:\/\/ndh-cptl.ufms.br\/index.php?rest_route=\/wp\/v2\/users\/1"}],"replies":[{"embeddable":true,"href":"https:\/\/ndh-cptl.ufms.br\/index.php?rest_route=%2Fwp%2Fv2%2Fcomments&post=19"}],"version-history":[{"count":28,"href":"https:\/\/ndh-cptl.ufms.br\/index.php?rest_route=\/wp\/v2\/pages\/19\/revisions"}],"predecessor-version":[{"id":1216,"href":"https:\/\/ndh-cptl.ufms.br\/index.php?rest_route=\/wp\/v2\/pages\/19\/revisions\/1216"}],"wp:attachment":[{"href":"https:\/\/ndh-cptl.ufms.br\/index.php?rest_route=%2Fwp%2Fv2%2Fmedia&parent=19"}],"curies":[{"name":"wp","href":"https:\/\/api.w.org\/{rel}","templated":true}]}}