{"id":6,"date":"2014-06-20T11:17:56","date_gmt":"2014-06-20T11:17:56","guid":{"rendered":"http:\/\/www.ndh.ufms.br\/?page_id=6"},"modified":"2014-09-22T18:46:49","modified_gmt":"2014-09-22T18:46:49","slug":"historia","status":"publish","type":"page","link":"https:\/\/ndh-cptl.ufms.br\/?page_id=6","title":{"rendered":"Hist\u00f3ria"},"content":{"rendered":"<p style=\"text-align: justify;\"><strong>A constitui\u00e7\u00e3o do acervo do N\u00facleo de Documenta\u00e7\u00e3o Hist\u00f3ria<\/strong><br \/>\nO acervo do N\u00facleo de Documenta\u00e7\u00e3o Hist\u00f3rica vem sendo constitu\u00eddo, em sua maior parte, por documenta\u00e7\u00e3o proveniente de doa\u00e7\u00f5es de empresas estatais, de movimentos sociais e de particulares. Em mais de 30 anos de exist\u00eancia o N\u00facleo acumulou uma diversidade expressiva de fontes para a hist\u00f3ria local e regional, em diferentes suportes tais como documenta\u00e7\u00e3o escrita, sonora, audiovisual, iconogr\u00e1fica e hemeroteca.<\/p>\n<p style=\"text-align: justify;\"><strong>A cria\u00e7\u00e3o do N\u00facleo de Documenta\u00e7\u00e3o Hist\u00f3rica<\/strong><br \/>\nO N\u00facleo tem suas ra\u00edzes em meados da d\u00e9cada de 1980, quando os docentes Stella Maris Jorge, Iracema Cunha Costa, Hon\u00f3rio de Souza Carneiro e Nadir Domingues Mendon\u00e7a decidiram pela implanta\u00e7\u00e3o do \u201cSetor de Documenta\u00e7\u00e3o Hist\u00f3rica\u201d no Centro Universit\u00e1rio de Tr\u00eas Lagoas. Como parte desta preocupa\u00e7\u00e3o, criou-se o \u201cN\u00facleo de Estudos de Tr\u00eas Lagoas e Regi\u00e3o\u201d que teve como objetivo espec\u00edfico coletar, preservar, arranjar e utilizar os acervos documentais. O ponto de partida foi trabalhar com documenta\u00e7\u00e3o oral e recolher o maior n\u00famero de fontes poss\u00edveis, visando a forma\u00e7\u00e3o de um acervo necess\u00e1rio para a disciplina Hist\u00f3ria Regional, bem como servir \u00e0 pesquisa e extens\u00e3o.<\/p>\n<p style=\"text-align: justify;\">A implanta\u00e7\u00e3o teve in\u00edcio e alguns anos mais tarde o professor Hon\u00f3rio de Souza Carneiro, auxiliado pelos demais professores j\u00e1 mencionados e contando com a participa\u00e7\u00e3o dos alunos, tomou a frente elaborando um projeto de extens\u00e3o para redimensionar e oficializar o N\u00facleo de Documenta\u00e7\u00e3o Hist\u00f3rica.<\/p>\n<p style=\"text-align: justify;\">Ap\u00f3s a morte do professor Hon\u00f3rio, em abril de 1998, o professor Nazareth dos Reis, parceiro do Hon\u00f3rio nos projetos de pesquisa e de organiza\u00e7\u00e3o do N\u00facleo, assumiu a coordena\u00e7\u00e3o e garantiu a perman\u00eancia do espa\u00e7o e do acervo.<\/p>\n<p style=\"text-align: justify;\">Semelhante ao que acontece com outros \u00f3rg\u00e3os de defesa do patrim\u00f4nio hist\u00f3rico e de preserva\u00e7\u00e3o da mem\u00f3ria no pa\u00eds, o reconhecimento do N\u00facleo, por parte da comunidade acad\u00eamica, sobretudo os dirigentes da Institui\u00e7\u00e3o, ainda \u00e9 uma quest\u00e3o n\u00e3o resolvida.<\/p>\n<p style=\"text-align: justify;\"><strong>Os percal\u00e7os na conquista de um espa\u00e7o<\/strong><br \/>\nO N\u00facleo inicialmente era alocado em uma sala de aula na Unidade II da UFMS de Tr\u00eas Lagoas, de onde foi trasladado para um min\u00fasculo apartamento na mesma Unidade II, com a promessa de que aquela situa\u00e7\u00e3o era provis\u00f3ria e em breve seria acomodado em local pr\u00f3prio na Unidade I, onde era oferecido o curso de Hist\u00f3ria. Em 1993 o N\u00facleo foi literalmente despejado e o seu acervo depositado no corredor. Para se resolver o problema, temporariamente, encontrou-se uma sala cedida por um \u00f3rg\u00e3o estadual, fora do campus da UFMS.<\/p>\n<p style=\"text-align: justify;\">Houve velados protestos no interior do Curso de Hist\u00f3ria e exig\u00eancia de transfer\u00eancia para a Unidade I da Universidade. Os \u00e2nimos, por\u00e9m, se acalmaram com mais uma promessa de que aquela situa\u00e7\u00e3o era transit\u00f3ria.<br \/>\nEm dado momento do final da d\u00e9cada de 1990 o Estado solicita o espa\u00e7o cedido e a documenta\u00e7\u00e3o do N\u00facleo volta para a Unidade II, em sala improvisada. Somente em 1995 que a dire\u00e7\u00e3o do Centro Universit\u00e1rio de Tr\u00eas Lagoas resolve a quest\u00e3o, ainda temporariamente, alojando o N\u00facleo num espa\u00e7o ocupado pelo almoxarifado, na Unidade I, onde permanece at\u00e9 final de 2008.<\/p>\n<p style=\"text-align: justify;\">Atualmente, funciona em pr\u00e9dio conclu\u00eddo em 2008 na Unidade II, para onde o Curso de Hist\u00f3ria mudou no final daquele ano. Com espa\u00e7o mais amplo as perspectivas de trabalho no N\u00facleo foram reanimadas resultando na continua\u00e7\u00e3o do desenvolvimento de projetos de organiza\u00e7\u00e3o, conserva\u00e7\u00e3o e pesquisa, bem como o aperfei\u00e7oamento no atendimento ao p\u00fablico.<\/p>\n<p style=\"text-align: justify;\"><strong> Projetos desenvolvidos no N\u00facleo<\/strong><br \/>\nA implanta\u00e7\u00e3o do N\u00facleo de Documenta\u00e7\u00e3o Hist\u00f3rica propiciou o desenvolvimento de diversos projetos de pesquisa, especialmente durante as coordena\u00e7\u00f5es dos professores Hon\u00f3rio de Souza Carneiro e Nazareth dos Reis. Os principais projetos que, al\u00e9m da pesquisa propriamente dita, geraram acervos documentais que est\u00e3o depositados no N\u00facleo, s\u00e3o os seguintes: \u201cForma\u00e7\u00e3o urbana de Tr\u00eas Lagoas\u201d, \u201cFunda\u00e7\u00e3o cultural do Bols\u00e3o\u201d, \u201cRelatos e Mem\u00f3rias em Tr\u00eas lagoas\u201d, \u201cProdu\u00e7\u00e3o de audiovisual sobre os primitivos habitantes do Mato Grosso do Sul, a partir dos Ofay\u00e9-Xavante\u201d, \u201cResgate s\u00f3cio-cultural de um grupo ind\u00edgena em extin\u00e7\u00e3o: o caso dos Ofay\u00e9 de Brasil\u00e2ndia\/MS\u201d, \u201cN\u00facleo de Documenta\u00e7\u00e3o Hist\u00f3rica para Tr\u00eas Lagoas e regi\u00e3o, como subsidio ao ensino de 1\u00ba e 2\u00ba graus, em Hist\u00f3ria\u201d, \u201cMato Grosso do Sul: conseq\u00fc\u00eancias da cria\u00e7\u00e3o do novo estado\u201d e \u201cProjeto para organiza\u00e7\u00e3o de um museu hist\u00f3rico-cultural na cidade de Parana\u00edba\u201d.<\/p>\n<p style=\"text-align: justify;\">Em 2004, sob a coordena\u00e7\u00e3o do professor Jos\u00e9 Carlos Ziliani, desenvolveu-se o trabalho de levantamento das condi\u00e7\u00f5es de vida e trabalho dos oper\u00e1rios empregados nas ind\u00fastrias do munic\u00edpio de Tr\u00eas Lagoas. A partir desse momento os projetos de pesquisa e extens\u00e3o desenvolvidos no N\u00facleo passaram a centrar maior aten\u00e7\u00e3o aos mundos do trabalho. Seguindo essa din\u00e2mica, o professor Vitor Oliveira apresentou, em agosto de 2006, o projeto \u201cHist\u00f3ria e mem\u00f3ria de ferrovi\u00e1rios e barrageiros da regi\u00e3o do Alto Paran\u00e1\u201d para concorrer em \u00e2mbito nacional no concurso de projetos \u201cMem\u00f3ria do trabalho\u201d promovido pela Funda\u00e7\u00e3o Get\u00falio Vargas e Minist\u00e9rio do Trabalho e Emprego, com patroc\u00ednio da Petrobr\u00e1s.<\/p>\n<p style=\"text-align: justify;\">Na esteira desse projeto maior, aprovou-se junto \u00e0s pr\u00f3-reitorias da UFMS, para 2006 e 2007, projetos que visavam qualificar as atividades acad\u00eamicas de organiza\u00e7\u00e3o do acervo, a partir de grupos de trabalho com volunt\u00e1rios e bolsistas de extens\u00e3o e de Inicia\u00e7\u00e3o Cient\u00edfica: projetos de extens\u00e3o \u201cMem\u00f3ria e hist\u00f3ria de ferrovi\u00e1rios e barrageiros da regi\u00e3o do Alto Paran\u00e1\u201d, \u201cEduca\u00e7\u00e3o e sindicalismo: organiza\u00e7\u00e3o do arquivo do Sindicato dos Trabalhadores em Educa\u00e7\u00e3o de Tr\u00eas Lagoas\u201d e projeto de pesquisa \u201cOrganiza\u00e7\u00e3o do N\u00facleo de Documenta\u00e7\u00e3o Hist\u00f3rica para estudo da mem\u00f3ria e hist\u00f3ria dos ferrovi\u00e1rios e barrageiros na regi\u00e3o do Alto Paran\u00e1\u201d.<\/p>\n<p style=\"text-align: justify;\">Em 2010 as atividades de cataloga\u00e7\u00e3o, conserva\u00e7\u00e3o documental e divulga\u00e7\u00e3o do N\u00facleo passaram a fazer parte do planejamento do Grupo PET-Hist\u00f3ria Conex\u00f5es de Saberes, criado naquele ano. Com isso os bolsistas PET, mais volunt\u00e1rios, bolsistas de Inicia\u00e7\u00e3o Cient\u00edfica e Perman\u00eancia atuam no N\u00facleo em diversos projetos de pesquisa ou de organiza\u00e7\u00e3o delimitados a partir dos fundos e grupos documentais.<\/p>\n","protected":false},"excerpt":{"rendered":"<p>A constitui\u00e7\u00e3o do acervo do N\u00facleo de Documenta\u00e7\u00e3o Hist\u00f3ria O acervo do N\u00facleo de Documenta\u00e7\u00e3o Hist\u00f3rica vem sendo constitu\u00eddo, em sua maior parte, por documenta\u00e7\u00e3o proveniente de doa\u00e7\u00f5es de empresas estatais, de movimentos sociais e de particulares. Em mais de &hellip; <a href=\"https:\/\/ndh-cptl.ufms.br\/?page_id=6\">Continue lendo <span class=\"meta-nav\">&rarr;<\/span><\/a><\/p>\n","protected":false},"author":1,"featured_media":0,"parent":0,"menu_order":1,"comment_status":"closed","ping_status":"open","template":"","meta":{"footnotes":""},"class_list":["post-6","page","type-page","status-publish","hentry"],"_links":{"self":[{"href":"https:\/\/ndh-cptl.ufms.br\/index.php?rest_route=\/wp\/v2\/pages\/6","targetHints":{"allow":["GET"]}}],"collection":[{"href":"https:\/\/ndh-cptl.ufms.br\/index.php?rest_route=\/wp\/v2\/pages"}],"about":[{"href":"https:\/\/ndh-cptl.ufms.br\/index.php?rest_route=\/wp\/v2\/types\/page"}],"author":[{"embeddable":true,"href":"https:\/\/ndh-cptl.ufms.br\/index.php?rest_route=\/wp\/v2\/users\/1"}],"replies":[{"embeddable":true,"href":"https:\/\/ndh-cptl.ufms.br\/index.php?rest_route=%2Fwp%2Fv2%2Fcomments&post=6"}],"version-history":[{"count":4,"href":"https:\/\/ndh-cptl.ufms.br\/index.php?rest_route=\/wp\/v2\/pages\/6\/revisions"}],"predecessor-version":[{"id":118,"href":"https:\/\/ndh-cptl.ufms.br\/index.php?rest_route=\/wp\/v2\/pages\/6\/revisions\/118"}],"wp:attachment":[{"href":"https:\/\/ndh-cptl.ufms.br\/index.php?rest_route=%2Fwp%2Fv2%2Fmedia&parent=6"}],"curies":[{"name":"wp","href":"https:\/\/api.w.org\/{rel}","templated":true}]}}