{"id":9,"date":"2014-06-20T11:18:58","date_gmt":"2014-06-20T11:18:58","guid":{"rendered":"http:\/\/www.ndh.ufms.br\/?page_id=9"},"modified":"2024-12-12T14:37:01","modified_gmt":"2024-12-12T18:37:01","slug":"coordenacao","status":"publish","type":"page","link":"https:\/\/ndh-cptl.ufms.br\/?page_id=9","title":{"rendered":"Coordena\u00e7\u00e3o"},"content":{"rendered":"<p style=\"text-align: justify;\"><strong>N\u00facleo de Documenta\u00e7\u00e3o Hist\u00f3rica Hon\u00f3rio de Souza Carneiro<\/strong><\/p>\n<p style=\"text-align: justify;\">Coordenador: Prof. Dr. Vitor Wagner Neto de Oliveira (vitor.oliveira@ufms.br)<\/p>\n<p style=\"text-align: justify;\"><strong>Arquivo da Palavra<\/strong><br \/>\nCoordenadora: Prfa. Dra. Maria Celma Borges<\/p>\n<p style=\"text-align: justify;\"><strong>Fundo IAJES\/Giancarlo Oliveri<\/strong><br \/>\nCoordenadora: Prfa. Dra. Mariana Esteves de Oliveira<\/p>\n<p style=\"text-align: justify;\"><strong>Alunos bolsistas, Volunt\u00e1rios e Estagi\u00e1rios<\/strong><br \/>\n<strong>(2006-2009)\u00a0<\/strong><br \/>\nAdrieli Cristina dos Santos, Alan da Silva Junqueira, Aline Alves Bertuci, Ana Laura Begnhossi, Andrey Minin Martin, Bianca Aparecida Martins F\u00e9lix, Camila Camargo, C\u00e1ssia Queiroz da Silva, Cleoslei de Faria, Cristie Donero, Danilo de Souza Ferreira, Dennis Rodrigo Damasceno Fernandes, Diego Santos Antunes, Eder Pedro de Souza, Fabiane Filgueiras Viana, Fabiano Coelho, Ferminia Ferreira Lima Favreto, Fernanda Am\u00e9lia Leal Borges Duarte, Gabriel Ulian, Giani Vendramel de Oliveira, Igor Fernando Tim, Izabel Camilo de Camargo, Jo\u00e3o Batista Lazarini, Jos\u00e9 Miguel Garnica Junior, Josiane Sim\u00e3o da Silva, Juliana da Paz Bonfim, Juliana Bernardi Petek, Juliano Alves da Silva, Julice de Souza Farias, Kelly Regina Nascimento Silva, Lays Matias Mazoti, Leandro Ribeiro do Amaral, Leonardo Trazzi Paz Landim, Let\u00edcia Fumiko Kudo, Marcelo Fernandes Brentan, M\u00e1rcia Cristina dos Santos, Mariana Quadro Gimenez, Maura T\u00e2nia Guimar\u00e3es, Raquel dos Santos Lopes, Regivan Antonio de Saul, Renan Gon\u00e7alves Bressan, Renata Lopes Maia, Rozilene Ferreira Barbosa, Sandro Luis Ferreira Rotiroti, Shesman Augusto Campache, Thalita da Silva Gon\u00e7alves, Tha\u00eds Aparecida Alencar Gon\u00e7alves, Valter Tadeu Monteiro do Carmo, V\u00e2nia Aparecida de Jesus Queiroz, Vitor Augusto de Oliveira Valentim.<\/p>\n<p style=\"text-align: justify;\"><strong>P\u00d3S-2010<\/strong><br \/>\nAltamir Pompeu Delfino Junior, Ana Helena Rodrigues Barbosa, Bianca Sayuri Fialho Maeda,\u00a0Caio Vinicius dos Santos, Caroline Cassoli Goncalves, Daniel Fagundes de Carvalho Machado, Eduardo Matheus de Souza Dianna, Giuseppe Boer Marino, Guilherme Barros Garnier, Guilherme Ferreira Taroni, Jessica Silva Marcondes de Oliveira, Jorge Tertuliano Matias Gomes Neto, Josenias Leandro de Almeida Silva, Joycimeire Carlos Lelis, Kemelly Karen Alves Mello, Laissa Thaila Vicente, Loana Cristina Martins do Nascimento, Luan Gabriel Silveira Venturini, Lucas Cardoso Moreira, Marciana Santiago de Oliveira, Marcos Sanches da Costa, Mariana Souza do Nascimento, Mariely Zambianco Soares Sousa, Max Millian Rodrigues do Nascimento, Nelson Jose Chiericci Junior, Rafaely Zambianco Soares Sousa, Renuza Dorissote Goncalves, Victor Caero Bento.<\/p>\n<p><strong>P\u00d3S-2020<\/strong><br \/>\nAlexandra Nicole Silva de Souza, Amanda Alves de Fran\u00e7a, Jo\u00e3o Gabriel Batista de Souza, Jos\u00e9 Eduardo Rodrigues da Silva, Karen Rafaela Felipe Nogueira, Kennedy Macedo Quintino, Lohanny Marques Pereira, Lua Beatriz Luana Maciel, Ludmila Santos Ribeiro, Mariane Xavier Da Silva Santos Reis, \u00a0Rebeca Castro Raimundo.<\/p>\n","protected":false},"excerpt":{"rendered":"<p>N\u00facleo de Documenta\u00e7\u00e3o Hist\u00f3rica Hon\u00f3rio de Souza Carneiro Coordenador: Prof. Dr. Vitor Wagner Neto de Oliveira (vitor.oliveira@ufms.br) Arquivo da Palavra Coordenadora: Prfa. Dra. Maria Celma Borges Fundo IAJES\/Giancarlo Oliveri Coordenadora: Prfa. Dra. Mariana Esteves de Oliveira Alunos bolsistas, Volunt\u00e1rios e &hellip; <a href=\"https:\/\/ndh-cptl.ufms.br\/?page_id=9\">Continue lendo <span class=\"meta-nav\">&rarr;<\/span><\/a><\/p>\n","protected":false},"author":1,"featured_media":0,"parent":0,"menu_order":2,"comment_status":"closed","ping_status":"open","template":"","meta":{"footnotes":""},"class_list":["post-9","page","type-page","status-publish","hentry"],"_links":{"self":[{"href":"https:\/\/ndh-cptl.ufms.br\/index.php?rest_route=\/wp\/v2\/pages\/9","targetHints":{"allow":["GET"]}}],"collection":[{"href":"https:\/\/ndh-cptl.ufms.br\/index.php?rest_route=\/wp\/v2\/pages"}],"about":[{"href":"https:\/\/ndh-cptl.ufms.br\/index.php?rest_route=\/wp\/v2\/types\/page"}],"author":[{"embeddable":true,"href":"https:\/\/ndh-cptl.ufms.br\/index.php?rest_route=\/wp\/v2\/users\/1"}],"replies":[{"embeddable":true,"href":"https:\/\/ndh-cptl.ufms.br\/index.php?rest_route=%2Fwp%2Fv2%2Fcomments&post=9"}],"version-history":[{"count":9,"href":"https:\/\/ndh-cptl.ufms.br\/index.php?rest_route=\/wp\/v2\/pages\/9\/revisions"}],"predecessor-version":[{"id":1483,"href":"https:\/\/ndh-cptl.ufms.br\/index.php?rest_route=\/wp\/v2\/pages\/9\/revisions\/1483"}],"wp:attachment":[{"href":"https:\/\/ndh-cptl.ufms.br\/index.php?rest_route=%2Fwp%2Fv2%2Fmedia&parent=9"}],"curies":[{"name":"wp","href":"https:\/\/api.w.org\/{rel}","templated":true}]}}